{"id":2,"date":"2016-05-10T03:48:21","date_gmt":"2016-05-10T03:48:21","guid":{"rendered":"http:\/\/skoterskroten.com\/?page_id=2"},"modified":"2024-10-21T10:03:24","modified_gmt":"2024-10-21T10:03:24","slug":"sample-page","status":"publish","type":"page","link":"https:\/\/skoterskroten.com\/","title":{"rendered":"HEM"},"content":{"rendered":"<p align=\"CENTER\">Motorservice B\u00e5t &amp; Skoter KB s\u00e4ljer och reparerar <em>b\u00e5tmotorer<\/em> och <em>skotrar<\/em>. Hj\u00e4lper dig att h\u00e5lla din motor i trim, s\u00e5 den ska fungera som ny.<\/p>\n<p>&nbsp; &nbsp; &nbsp; &nbsp; &nbsp; &nbsp; &nbsp; &nbsp; &nbsp; &nbsp; &nbsp; &nbsp; &nbsp; &nbsp; &nbsp; &nbsp; &nbsp;<img loading=\"lazy\" decoding=\"async\" class=\"alignnone wp-image-31 size-full\" src=\"https:\/\/skoterskroten.com\/wp-content\/uploads\/2018\/01\/motor.gif\" alt=\"\" width=\"153\" height=\"299\">&nbsp; &nbsp; &nbsp; &nbsp; &nbsp; &nbsp; &nbsp; &nbsp; &nbsp; &nbsp; &nbsp; &nbsp; &nbsp; &nbsp; &nbsp; &nbsp; &nbsp; &nbsp; &nbsp; &nbsp;<img loading=\"lazy\" decoding=\"async\" class=\"alignnone wp-image-33 size-full\" src=\"https:\/\/skoterskroten.com\/wp-content\/uploads\/2018\/01\/skoter2.gif\" alt=\"\" width=\"188\" height=\"118\"><\/p>\n<div class=\"html-div xdj266r x11i5rnm xat24cr x1mh8g0r xexx8yu x4uap5 x18d9i69 xkhd6sd x6ikm8r x10wlt62\">\n<div class=\"html-div xdj266r x11i5rnm xat24cr x1mh8g0r x14ctfv x1okitfd x6ikm8r x10wlt62 xerhiuh x1pn3fxy x12xxe5f x1szedp3 x1n2onr6 x1vjfegm x1k4qllp x1mzt3pk x13faqbe x1xr0vuk x1jm4cbz x1lmq8lz xrrpcnn x1xtl47e x13fuv20 xu3j5b3 x1q0q8m5 x26u7qi x19livfd x2t687o x3p3xfz x5od304 x11ucwad xgtuqic x155c047 x1lcm9me\" role=\"presentation\">\n<div class=\"html-div xexx8yu x4uap5 x18d9i69 xkhd6sd x1gslohp x11i5rnm x12nagc x1mh8g0r x1yc453h x126k92a x18lvrbx\" dir=\"auto\"><\/div>\n<\/div>\n<\/div>\n<div class=\"html-div xdj266r x11i5rnm xat24cr x1mh8g0r xexx8yu x4uap5 x18d9i69 xkhd6sd x1h91t0o xkh2ocl x78zum5 xdt5ytf x13a6bvl x193iq5w x1iyjqo2 x1eb86dx\" role=\"presentation\"><\/div>\n<h4 class=\"western\" align=\"CENTER\">JOBBAR F\u00d6R KUNDENS B\u00c4STA!<\/h4>\n<h5 align=\"CENTER\"><\/h5>\n<p>V\u00e4lkomna in med era b\u00e5tmotorer och sn\u00f6skotrar ( sn\u00f6skotrar endast vintertid ) f\u00f6r service och\/eller eventuella reparationer.&nbsp;H\u00e4r finns det mycken kunskap, kan skaffa det mesta. Att <i>ringa<\/i> \u00e4r s\u00e4krast, hinner inte alltid svara p\u00e5&nbsp;E-Post. Tack f\u00f6r er order eller f\u00f6rfr\u00e5gan.<\/p>\n<p><i>Vi reserverar oss mot uppenbart felaktiga priser, eventuella pris\u00e4ndringar, samt tryckfel. <\/i><\/p>\n","protected":false},"excerpt":{"rendered":"<p>Motorservice B\u00e5t &amp; Skoter KB s\u00e4ljer och reparerar b\u00e5tmotorer och skotrar. Hj\u00e4lper dig att h\u00e5lla din motor i trim, s\u00e5 den ska fungera som ny. &nbsp; &nbsp; &nbsp; &nbsp; &nbsp; &nbsp; &nbsp; &nbsp; &nbsp; &nbsp; &nbsp; &nbsp; &nbsp; &nbsp; &nbsp;<\/p>\n","protected":false},"author":1,"featured_media":0,"parent":0,"menu_order":0,"comment_status":"closed","ping_status":"open","template":"","meta":{"footnotes":""},"class_list":["post-2","page","type-page","status-publish","hentry"],"_links":{"self":[{"href":"https:\/\/skoterskroten.com\/index.php?rest_route=\/wp\/v2\/pages\/2"}],"collection":[{"href":"https:\/\/skoterskroten.com\/index.php?rest_route=\/wp\/v2\/pages"}],"about":[{"href":"https:\/\/skoterskroten.com\/index.php?rest_route=\/wp\/v2\/types\/page"}],"author":[{"embeddable":true,"href":"https:\/\/skoterskroten.com\/index.php?rest_route=\/wp\/v2\/users\/1"}],"replies":[{"embeddable":true,"href":"https:\/\/skoterskroten.com\/index.php?rest_route=%2Fwp%2Fv2%2Fcomments&post=2"}],"version-history":[{"count":15,"href":"https:\/\/skoterskroten.com\/index.php?rest_route=\/wp\/v2\/pages\/2\/revisions"}],"predecessor-version":[{"id":114,"href":"https:\/\/skoterskroten.com\/index.php?rest_route=\/wp\/v2\/pages\/2\/revisions\/114"}],"wp:attachment":[{"href":"https:\/\/skoterskroten.com\/index.php?rest_route=%2Fwp%2Fv2%2Fmedia&parent=2"}],"curies":[{"name":"wp","href":"https:\/\/api.w.org\/{rel}","templated":true}]}}